{"id":41,"date":"2025-08-02T15:36:37","date_gmt":"2025-08-02T15:36:37","guid":{"rendered":"https:\/\/jors.pt\/front_page\/"},"modified":"2025-08-17T19:30:34","modified_gmt":"2025-08-17T19:30:34","slug":"front_page","status":"publish","type":"page","link":"https:\/\/www.jors.pt\/en\/","title":{"rendered":"HOME"},"content":{"rendered":"","protected":false},"excerpt":{"rendered":"","protected":false},"author":1,"featured_media":0,"parent":0,"menu_order":0,"comment_status":"closed","ping_status":"closed","template":"","meta":{"_acf_changed":false,"saved_in_kubio":true,"footnotes":""},"class_list":["post-41","page","type-page","status-publish","hentry"],"acf":[],"kubio_ai_page_context":{"short_desc":"","purpose":"general"},"yoast_head":"<!-- This site is optimized with the Yoast SEO plugin v25.6 - https:\/\/yoast.com\/wordpress\/plugins\/seo\/ -->\n<title>Jovem Orquestra Richard Strauss<\/title>\n<meta name=\"description\" content=\"A JORS \u2013 Jovem Orquestra Richard Strauss \u00e9 um est\u00e1gio de ver\u00e3o para jovens m\u00fasicos, que proporciona uma semana intensa de partilha musical.\" \/>\n<meta name=\"robots\" content=\"index, follow, max-snippet:-1, max-image-preview:large, max-video-preview:-1\" \/>\n<link rel=\"canonical\" href=\"https:\/\/www.jors.pt\/en\/\" \/>\n<meta property=\"og:locale\" content=\"en_GB\" \/>\n<meta property=\"og:type\" content=\"article\" \/>\n<meta property=\"og:title\" content=\"Jovem Orquestra Richard Strauss\" \/>\n<meta property=\"og:description\" content=\"A JORS \u2013 Jovem Orquestra Richard Strauss \u00e9 um est\u00e1gio de ver\u00e3o para jovens m\u00fasicos, que proporciona uma semana intensa de partilha musical.\" \/>\n<meta property=\"og:url\" content=\"https:\/\/www.jors.pt\/en\/\" \/>\n<meta property=\"og:site_name\" content=\"Jovem Orquestra Richard Strauss\" \/>\n<meta property=\"article:modified_time\" content=\"2025-08-17T19:30:34+00:00\" \/>\n<meta name=\"twitter:card\" content=\"summary_large_image\" \/>\n<meta name=\"twitter:label1\" content=\"Estimated reading time\" \/>\n\t<meta name=\"twitter:data1\" content=\"1 minute\" \/>\n<script type=\"application\/ld+json\" class=\"yoast-schema-graph\">{\"@context\":\"https:\/\/schema.org\",\"@graph\":[{\"@type\":\"WebPage\",\"@id\":\"https:\/\/www.jors.pt\/\",\"url\":\"https:\/\/www.jors.pt\/\",\"name\":\"Jovem Orquestra Richard Strauss\",\"isPartOf\":{\"@id\":\"https:\/\/www.jors.pt\/#website\"},\"datePublished\":\"2025-08-02T15:36:37+00:00\",\"dateModified\":\"2025-08-17T19:30:34+00:00\",\"description\":\"A JORS \u2013 Jovem Orquestra Richard Strauss \u00e9 um est\u00e1gio de ver\u00e3o para jovens m\u00fasicos, que proporciona uma semana intensa de partilha musical.\",\"breadcrumb\":{\"@id\":\"https:\/\/www.jors.pt\/#breadcrumb\"},\"inLanguage\":\"en-GB\",\"potentialAction\":[{\"@type\":\"ReadAction\",\"target\":[\"https:\/\/www.jors.pt\/\"]}]},{\"@type\":\"BreadcrumbList\",\"@id\":\"https:\/\/www.jors.pt\/#breadcrumb\",\"itemListElement\":[{\"@type\":\"ListItem\",\"position\":1,\"name\":\"In\u00edcio\",\"item\":\"https:\/\/www.jors.pt\/\"},{\"@type\":\"ListItem\",\"position\":2,\"name\":\"IN\u00cdCIO\"}]},{\"@type\":\"WebSite\",\"@id\":\"https:\/\/www.jors.pt\/#website\",\"url\":\"https:\/\/www.jors.pt\/\",\"name\":\"Jovem Orquestra Richard Strauss\",\"description\":\"\",\"publisher\":{\"@id\":\"https:\/\/www.jors.pt\/#organization\"},\"potentialAction\":[{\"@type\":\"SearchAction\",\"target\":{\"@type\":\"EntryPoint\",\"urlTemplate\":\"https:\/\/www.jors.pt\/?s={search_term_string}\"},\"query-input\":{\"@type\":\"PropertyValueSpecification\",\"valueRequired\":true,\"valueName\":\"search_term_string\"}}],\"inLanguage\":\"en-GB\"},{\"@type\":\"Organization\",\"@id\":\"https:\/\/www.jors.pt\/#organization\",\"name\":\"Jovem Orquestra Richard Strauss\",\"url\":\"https:\/\/www.jors.pt\/\",\"logo\":{\"@type\":\"ImageObject\",\"inLanguage\":\"en-GB\",\"@id\":\"https:\/\/www.jors.pt\/#\/schema\/logo\/image\/\",\"url\":\"https:\/\/www.jors.pt\/wp-content\/uploads\/2025\/08\/LOGO_JORS_1-1-edited.png\",\"contentUrl\":\"https:\/\/www.jors.pt\/wp-content\/uploads\/2025\/08\/LOGO_JORS_1-1-edited.png\",\"width\":1434,\"height\":1434,\"caption\":\"Jovem Orquestra Richard Strauss\"},\"image\":{\"@id\":\"https:\/\/www.jors.pt\/#\/schema\/logo\/image\/\"}}]}<\/script>\n<!-- \/ Yoast SEO plugin. -->","yoast_head_json":{"title":"Jovem Orquestra Richard Strauss","description":"A JORS \u2013 Jovem Orquestra Richard Strauss \u00e9 um est\u00e1gio de ver\u00e3o para jovens m\u00fasicos, que proporciona uma semana intensa de partilha musical.","robots":{"index":"index","follow":"follow","max-snippet":"max-snippet:-1","max-image-preview":"max-image-preview:large","max-video-preview":"max-video-preview:-1"},"canonical":"https:\/\/www.jors.pt\/en\/","og_locale":"en_GB","og_type":"article","og_title":"Jovem Orquestra Richard Strauss","og_description":"A JORS \u2013 Jovem Orquestra Richard Strauss \u00e9 um est\u00e1gio de ver\u00e3o para jovens m\u00fasicos, que proporciona uma semana intensa de partilha musical.","og_url":"https:\/\/www.jors.pt\/en\/","og_site_name":"Jovem Orquestra Richard Strauss","article_modified_time":"2025-08-17T19:30:34+00:00","twitter_card":"summary_large_image","twitter_misc":{"Estimated reading time":"1 minute"},"schema":{"@context":"https:\/\/schema.org","@graph":[{"@type":"WebPage","@id":"https:\/\/www.jors.pt\/","url":"https:\/\/www.jors.pt\/","name":"Jovem Orquestra Richard Strauss","isPartOf":{"@id":"https:\/\/www.jors.pt\/#website"},"datePublished":"2025-08-02T15:36:37+00:00","dateModified":"2025-08-17T19:30:34+00:00","description":"A JORS \u2013 Jovem Orquestra Richard Strauss \u00e9 um est\u00e1gio de ver\u00e3o para jovens m\u00fasicos, que proporciona uma semana intensa de partilha musical.","breadcrumb":{"@id":"https:\/\/www.jors.pt\/#breadcrumb"},"inLanguage":"en-GB","potentialAction":[{"@type":"ReadAction","target":["https:\/\/www.jors.pt\/"]}]},{"@type":"BreadcrumbList","@id":"https:\/\/www.jors.pt\/#breadcrumb","itemListElement":[{"@type":"ListItem","position":1,"name":"In\u00edcio","item":"https:\/\/www.jors.pt\/"},{"@type":"ListItem","position":2,"name":"IN\u00cdCIO"}]},{"@type":"WebSite","@id":"https:\/\/www.jors.pt\/#website","url":"https:\/\/www.jors.pt\/","name":"Jovem Orquestra Richard Strauss","description":"","publisher":{"@id":"https:\/\/www.jors.pt\/#organization"},"potentialAction":[{"@type":"SearchAction","target":{"@type":"EntryPoint","urlTemplate":"https:\/\/www.jors.pt\/?s={search_term_string}"},"query-input":{"@type":"PropertyValueSpecification","valueRequired":true,"valueName":"search_term_string"}}],"inLanguage":"en-GB"},{"@type":"Organization","@id":"https:\/\/www.jors.pt\/#organization","name":"Jovem Orquestra Richard Strauss","url":"https:\/\/www.jors.pt\/","logo":{"@type":"ImageObject","inLanguage":"en-GB","@id":"https:\/\/www.jors.pt\/#\/schema\/logo\/image\/","url":"https:\/\/www.jors.pt\/wp-content\/uploads\/2025\/08\/LOGO_JORS_1-1-edited.png","contentUrl":"https:\/\/www.jors.pt\/wp-content\/uploads\/2025\/08\/LOGO_JORS_1-1-edited.png","width":1434,"height":1434,"caption":"Jovem Orquestra Richard Strauss"},"image":{"@id":"https:\/\/www.jors.pt\/#\/schema\/logo\/image\/"}}]}},"_links":{"self":[{"href":"https:\/\/www.jors.pt\/en\/wp-json\/wp\/v2\/pages\/41","targetHints":{"allow":["GET"]}}],"collection":[{"href":"https:\/\/www.jors.pt\/en\/wp-json\/wp\/v2\/pages"}],"about":[{"href":"https:\/\/www.jors.pt\/en\/wp-json\/wp\/v2\/types\/page"}],"author":[{"embeddable":true,"href":"https:\/\/www.jors.pt\/en\/wp-json\/wp\/v2\/users\/1"}],"replies":[{"embeddable":true,"href":"https:\/\/www.jors.pt\/en\/wp-json\/wp\/v2\/comments?post=41"}],"version-history":[{"count":3,"href":"https:\/\/www.jors.pt\/en\/wp-json\/wp\/v2\/pages\/41\/revisions"}],"predecessor-version":[{"id":477,"href":"https:\/\/www.jors.pt\/en\/wp-json\/wp\/v2\/pages\/41\/revisions\/477"}],"wp:attachment":[{"href":"https:\/\/www.jors.pt\/en\/wp-json\/wp\/v2\/media?parent=41"}],"curies":[{"name":"wp","href":"https:\/\/api.w.org\/{rel}","templated":true}]}}