{"id":231,"date":"2025-08-03T17:52:42","date_gmt":"2025-08-03T17:52:42","guid":{"rendered":"https:\/\/jors.pt\/?page_id=231"},"modified":"2025-10-04T17:35:15","modified_gmt":"2025-10-04T17:35:15","slug":"parceiros-e-agradecimentos","status":"publish","type":"page","link":"https:\/\/www.jors.pt\/en\/parceiros-e-agradecimentos\/","title":{"rendered":"Partners"},"content":{"rendered":"<div class=\"wp-block-group has-global-padding is-layout-constrained wp-block-group-is-layout-constrained\"><\/div>\n\n\n\n<div class=\"wp-block-group alignfull has-tertiary-background-color has-background has-global-padding is-layout-constrained wp-container-core-group-is-layout-28549256 wp-block-group-is-layout-constrained\" style=\"margin-top:0;margin-bottom:0;padding-top:var(--wp--preset--spacing--60);padding-right:var(--wp--preset--spacing--30);padding-bottom:var(--wp--preset--spacing--60);padding-left:var(--wp--preset--spacing--30)\">\n<h2 style=\"opacity: 0;\" superb-addons-animation=\"fadeInDown\" class=\"wp-block-heading has-text-align-center has-large-font-size\">Meet Our Partners <\/h2>\n<\/div>\n\n\n\n<p style=\"opacity: 0;\" superb-addons-animation=\"fadeInDown\" class=\"has-text-align-center\">Main Patron<\/p>\n\n\n\n\n\n<p style=\"opacity: 0;\" superb-addons-animation=\"fadeInDown\" class=\"has-text-align-center\">Institutional Partners<\/p>\n\n\n\n\n\n<p style=\"opacity: 0;\" superb-addons-animation=\"fadeInDown\" class=\"has-text-align-center\">Patron<\/p>\n\n\n\n\n\n<p style=\"opacity: 0;\" superb-addons-animation=\"fadeInDown\" class=\"has-text-align-center\">Partnerships<\/p>\n\n\n\n\n\n<p style=\"opacity: 0;\" superb-addons-animation=\"fadeInDown\" class=\"has-text-align-center\">Media Partners<\/p>\n\n\n\n\n\n<p style=\"opacity: 0;\" superb-addons-animation=\"fadeInDown\" class=\"has-text-align-center\">Regional Media Partners<\/p>\n\n\n\n\n\n<p style=\"opacity: 0;\" superb-addons-animation=\"fadeInDown\" class=\"has-text-align-center\">Hospitality &amp; Mobility Partner<\/p>\n\n\n\n\n\n<p style=\"opacity: 0;\" superb-addons-animation=\"fadeInDown\" class=\"has-text-align-center\">Social Partners<\/p>\n\n\n\n\n\n<p><\/p>","protected":false},"excerpt":{"rendered":"<p>Conhe\u00e7a os nossos Parceiros Mecenas Principal Parceiros Institucionais Mecenas Apoios Parceiros Media Parceiros Media Regionais Parceiro Hospitalidade &amp; Mobilidade Parceiros Sociais<\/p>","protected":false},"author":1,"featured_media":0,"parent":0,"menu_order":0,"comment_status":"closed","ping_status":"closed","template":"","meta":{"_acf_changed":false,"saved_in_kubio":true,"footnotes":""},"class_list":["post-231","page","type-page","status-publish","hentry"],"acf":[],"kubio_ai_page_context":{"short_desc":"","purpose":"general"},"yoast_head":"<!-- This site is optimized with the Yoast SEO plugin v25.6 - https:\/\/yoast.com\/wordpress\/plugins\/seo\/ -->\n<title>Parceiros - Jovem Orquestra Richard Strauss<\/title>\n<meta name=\"description\" content=\"A constru\u00e7\u00e3o da JORS come\u00e7a com a colabora\u00e7\u00e3o de pessoas e entidades que acreditam no poder da m\u00fasica, da juventude e da cultura.\" \/>\n<meta name=\"robots\" content=\"index, follow, max-snippet:-1, max-image-preview:large, max-video-preview:-1\" \/>\n<link rel=\"canonical\" href=\"https:\/\/www.jors.pt\/en\/parceiros-e-agradecimentos\/\" \/>\n<meta property=\"og:locale\" content=\"en_GB\" \/>\n<meta property=\"og:type\" content=\"article\" \/>\n<meta property=\"og:title\" content=\"Parceiros - Jovem Orquestra Richard Strauss\" \/>\n<meta property=\"og:description\" content=\"A constru\u00e7\u00e3o da JORS come\u00e7a com a colabora\u00e7\u00e3o de pessoas e entidades que acreditam no poder da m\u00fasica, da juventude e da cultura.\" \/>\n<meta property=\"og:url\" content=\"https:\/\/www.jors.pt\/en\/parceiros-e-agradecimentos\/\" \/>\n<meta property=\"og:site_name\" content=\"Jovem Orquestra Richard Strauss\" \/>\n<meta property=\"article:modified_time\" content=\"2025-10-04T17:35:15+00:00\" \/>\n<meta property=\"og:image\" content=\"https:\/\/www.jors.pt\/wp-content\/uploads\/2025\/08\/LOGO_A.M-removebg-preview.png\" \/>\n<meta name=\"twitter:card\" content=\"summary_large_image\" \/>\n<meta name=\"twitter:label1\" content=\"Estimated reading time\" \/>\n\t<meta name=\"twitter:data1\" content=\"2 minutes\" \/>\n<script type=\"application\/ld+json\" class=\"yoast-schema-graph\">{\"@context\":\"https:\/\/schema.org\",\"@graph\":[{\"@type\":\"WebPage\",\"@id\":\"https:\/\/www.jors.pt\/parceiros-e-agradecimentos\/\",\"url\":\"https:\/\/www.jors.pt\/parceiros-e-agradecimentos\/\",\"name\":\"Parceiros - Jovem Orquestra Richard Strauss\",\"isPartOf\":{\"@id\":\"https:\/\/www.jors.pt\/#website\"},\"primaryImageOfPage\":{\"@id\":\"https:\/\/www.jors.pt\/parceiros-e-agradecimentos\/#primaryimage\"},\"image\":{\"@id\":\"https:\/\/www.jors.pt\/parceiros-e-agradecimentos\/#primaryimage\"},\"thumbnailUrl\":\"https:\/\/www.jors.pt\/wp-content\/uploads\/2025\/08\/LOGO_A.M-removebg-preview.png\",\"datePublished\":\"2025-08-03T17:52:42+00:00\",\"dateModified\":\"2025-10-04T17:35:15+00:00\",\"description\":\"A constru\u00e7\u00e3o da JORS come\u00e7a com a colabora\u00e7\u00e3o de pessoas e entidades que acreditam no poder da m\u00fasica, da juventude e da cultura.\",\"breadcrumb\":{\"@id\":\"https:\/\/www.jors.pt\/parceiros-e-agradecimentos\/#breadcrumb\"},\"inLanguage\":\"en-GB\",\"potentialAction\":[{\"@type\":\"ReadAction\",\"target\":[\"https:\/\/www.jors.pt\/parceiros-e-agradecimentos\/\"]}]},{\"@type\":\"ImageObject\",\"inLanguage\":\"en-GB\",\"@id\":\"https:\/\/www.jors.pt\/parceiros-e-agradecimentos\/#primaryimage\",\"url\":\"https:\/\/www.jors.pt\/wp-content\/uploads\/2025\/08\/LOGO_A.M-removebg-preview.png\",\"contentUrl\":\"https:\/\/www.jors.pt\/wp-content\/uploads\/2025\/08\/LOGO_A.M-removebg-preview.png\"},{\"@type\":\"BreadcrumbList\",\"@id\":\"https:\/\/www.jors.pt\/parceiros-e-agradecimentos\/#breadcrumb\",\"itemListElement\":[{\"@type\":\"ListItem\",\"position\":1,\"name\":\"In\u00edcio\",\"item\":\"https:\/\/www.jors.pt\/\"},{\"@type\":\"ListItem\",\"position\":2,\"name\":\"Parceiros\"}]},{\"@type\":\"WebSite\",\"@id\":\"https:\/\/www.jors.pt\/#website\",\"url\":\"https:\/\/www.jors.pt\/\",\"name\":\"Jovem Orquestra Richard Strauss\",\"description\":\"\",\"publisher\":{\"@id\":\"https:\/\/www.jors.pt\/#organization\"},\"potentialAction\":[{\"@type\":\"SearchAction\",\"target\":{\"@type\":\"EntryPoint\",\"urlTemplate\":\"https:\/\/www.jors.pt\/?s={search_term_string}\"},\"query-input\":{\"@type\":\"PropertyValueSpecification\",\"valueRequired\":true,\"valueName\":\"search_term_string\"}}],\"inLanguage\":\"en-GB\"},{\"@type\":\"Organization\",\"@id\":\"https:\/\/www.jors.pt\/#organization\",\"name\":\"Jovem Orquestra Richard Strauss\",\"url\":\"https:\/\/www.jors.pt\/\",\"logo\":{\"@type\":\"ImageObject\",\"inLanguage\":\"en-GB\",\"@id\":\"https:\/\/www.jors.pt\/#\/schema\/logo\/image\/\",\"url\":\"https:\/\/www.jors.pt\/wp-content\/uploads\/2025\/08\/LOGO_JORS_1-1-edited.png\",\"contentUrl\":\"https:\/\/www.jors.pt\/wp-content\/uploads\/2025\/08\/LOGO_JORS_1-1-edited.png\",\"width\":1434,\"height\":1434,\"caption\":\"Jovem Orquestra Richard Strauss\"},\"image\":{\"@id\":\"https:\/\/www.jors.pt\/#\/schema\/logo\/image\/\"}}]}<\/script>\n<!-- \/ Yoast SEO plugin. -->","yoast_head_json":{"title":"Parceiros - Jovem Orquestra Richard Strauss","description":"The creation of JORS begins with the collaboration of people and organizations who believe in the power of music, youth, and culture.","robots":{"index":"index","follow":"follow","max-snippet":"max-snippet:-1","max-image-preview":"max-image-preview:large","max-video-preview":"max-video-preview:-1"},"canonical":"https:\/\/www.jors.pt\/en\/parceiros-e-agradecimentos\/","og_locale":"en_GB","og_type":"article","og_title":"Parceiros - Jovem Orquestra Richard Strauss","og_description":"A constru\u00e7\u00e3o da JORS come\u00e7a com a colabora\u00e7\u00e3o de pessoas e entidades que acreditam no poder da m\u00fasica, da juventude e da cultura.","og_url":"https:\/\/www.jors.pt\/en\/parceiros-e-agradecimentos\/","og_site_name":"Jovem Orquestra Richard Strauss","article_modified_time":"2025-10-04T17:35:15+00:00","og_image":[{"url":"https:\/\/www.jors.pt\/wp-content\/uploads\/2025\/08\/LOGO_A.M-removebg-preview.png","type":"","width":"","height":""}],"twitter_card":"summary_large_image","twitter_misc":{"Estimated reading time":"2 minutes"},"schema":{"@context":"https:\/\/schema.org","@graph":[{"@type":"WebPage","@id":"https:\/\/www.jors.pt\/parceiros-e-agradecimentos\/","url":"https:\/\/www.jors.pt\/parceiros-e-agradecimentos\/","name":"Parceiros - Jovem Orquestra Richard Strauss","isPartOf":{"@id":"https:\/\/www.jors.pt\/#website"},"primaryImageOfPage":{"@id":"https:\/\/www.jors.pt\/parceiros-e-agradecimentos\/#primaryimage"},"image":{"@id":"https:\/\/www.jors.pt\/parceiros-e-agradecimentos\/#primaryimage"},"thumbnailUrl":"https:\/\/www.jors.pt\/wp-content\/uploads\/2025\/08\/LOGO_A.M-removebg-preview.png","datePublished":"2025-08-03T17:52:42+00:00","dateModified":"2025-10-04T17:35:15+00:00","description":"The creation of JORS begins with the collaboration of people and organizations who believe in the power of music, youth, and culture.","breadcrumb":{"@id":"https:\/\/www.jors.pt\/parceiros-e-agradecimentos\/#breadcrumb"},"inLanguage":"en-GB","potentialAction":[{"@type":"ReadAction","target":["https:\/\/www.jors.pt\/parceiros-e-agradecimentos\/"]}]},{"@type":"ImageObject","inLanguage":"en-GB","@id":"https:\/\/www.jors.pt\/parceiros-e-agradecimentos\/#primaryimage","url":"https:\/\/www.jors.pt\/wp-content\/uploads\/2025\/08\/LOGO_A.M-removebg-preview.png","contentUrl":"https:\/\/www.jors.pt\/wp-content\/uploads\/2025\/08\/LOGO_A.M-removebg-preview.png"},{"@type":"BreadcrumbList","@id":"https:\/\/www.jors.pt\/parceiros-e-agradecimentos\/#breadcrumb","itemListElement":[{"@type":"ListItem","position":1,"name":"In\u00edcio","item":"https:\/\/www.jors.pt\/"},{"@type":"ListItem","position":2,"name":"Parceiros"}]},{"@type":"WebSite","@id":"https:\/\/www.jors.pt\/#website","url":"https:\/\/www.jors.pt\/","name":"Jovem Orquestra Richard Strauss","description":"","publisher":{"@id":"https:\/\/www.jors.pt\/#organization"},"potentialAction":[{"@type":"SearchAction","target":{"@type":"EntryPoint","urlTemplate":"https:\/\/www.jors.pt\/?s={search_term_string}"},"query-input":{"@type":"PropertyValueSpecification","valueRequired":true,"valueName":"search_term_string"}}],"inLanguage":"en-GB"},{"@type":"Organization","@id":"https:\/\/www.jors.pt\/#organization","name":"Jovem Orquestra Richard Strauss","url":"https:\/\/www.jors.pt\/","logo":{"@type":"ImageObject","inLanguage":"en-GB","@id":"https:\/\/www.jors.pt\/#\/schema\/logo\/image\/","url":"https:\/\/www.jors.pt\/wp-content\/uploads\/2025\/08\/LOGO_JORS_1-1-edited.png","contentUrl":"https:\/\/www.jors.pt\/wp-content\/uploads\/2025\/08\/LOGO_JORS_1-1-edited.png","width":1434,"height":1434,"caption":"Jovem Orquestra Richard Strauss"},"image":{"@id":"https:\/\/www.jors.pt\/#\/schema\/logo\/image\/"}}]}},"_links":{"self":[{"href":"https:\/\/www.jors.pt\/en\/wp-json\/wp\/v2\/pages\/231","targetHints":{"allow":["GET"]}}],"collection":[{"href":"https:\/\/www.jors.pt\/en\/wp-json\/wp\/v2\/pages"}],"about":[{"href":"https:\/\/www.jors.pt\/en\/wp-json\/wp\/v2\/types\/page"}],"author":[{"embeddable":true,"href":"https:\/\/www.jors.pt\/en\/wp-json\/wp\/v2\/users\/1"}],"replies":[{"embeddable":true,"href":"https:\/\/www.jors.pt\/en\/wp-json\/wp\/v2\/comments?post=231"}],"version-history":[{"count":51,"href":"https:\/\/www.jors.pt\/en\/wp-json\/wp\/v2\/pages\/231\/revisions"}],"predecessor-version":[{"id":742,"href":"https:\/\/www.jors.pt\/en\/wp-json\/wp\/v2\/pages\/231\/revisions\/742"}],"wp:attachment":[{"href":"https:\/\/www.jors.pt\/en\/wp-json\/wp\/v2\/media?parent=231"}],"curies":[{"name":"wp","href":"https:\/\/api.w.org\/{rel}","templated":true}]}}